{"id":2148,"date":"2021-01-28T11:17:20","date_gmt":"2021-01-28T11:17:20","guid":{"rendered":"https:\/\/advance.ceramicarondine.it\/kontakte\/"},"modified":"2021-01-29T07:02:31","modified_gmt":"2021-01-29T07:02:31","slug":"kontakte","status":"publish","type":"page","link":"https:\/\/advance.ceramicarondine.it\/de\/kontakte\/","title":{"rendered":"Kontakte"},"content":{"rendered":"\t\t<div data-elementor-type=\"wp-page\" data-elementor-id=\"2148\" class=\"elementor elementor-2148 elementor-1506\" data-elementor-post-type=\"page\">\n\t\t\t\t\t\t<section class=\"elementor-section elementor-top-section elementor-element elementor-element-8e0cb54 elementor-section-boxed elementor-section-height-default elementor-section-height-default\" data-id=\"8e0cb54\" data-element_type=\"section\">\n\t\t\t\t\t\t<div class=\"elementor-container elementor-column-gap-default\">\n\t\t\t\t\t<div class=\"elementor-column elementor-col-100 elementor-top-column elementor-element elementor-element-22fcdbb\" data-id=\"22fcdbb\" data-element_type=\"column\">\n\t\t\t<div class=\"elementor-widget-wrap elementor-element-populated\">\n\t\t\t\t\t\t<div class=\"elementor-element elementor-element-36a41d0 elementor-widget elementor-widget-text-editor\" data-id=\"36a41d0\" data-element_type=\"widget\" data-widget_type=\"text-editor.default\">\n\t\t\t\t<div class=\"elementor-widget-container\">\n\t\t\t\t\t\t\t<div class=\"page\" title=\"Page 1\">\n<div class=\"layoutArea\">\n<div class=\"column\">\n<p>Kontakte<\/p>\n<\/div>\n<\/div>\n<\/div>\n\t\t\t\t\t\t<\/div>\n\t\t\t\t<\/div>\n\t\t\t\t<div class=\"elementor-element elementor-element-78e4000 elementor-widget elementor-widget-text-editor\" data-id=\"78e4000\" data-element_type=\"widget\" data-widget_type=\"text-editor.default\">\n\t\t\t\t<div class=\"elementor-widget-container\">\n\t\t\t\t\t\t\t<p>M\u00f6chten Sie mehr \u00fcber unsere Technologie erfahren?<br \/>\nZ\u00f6gern Sie nicht, uns zu kontaktieren: F\u00fcllen Sie das unten stehende Formular aus, wir werden so schnell wie m\u00f6glich antworten!<\/p>\n\t\t\t\t\t\t<\/div>\n\t\t\t\t<\/div>\n\t\t\t\t\t<\/div>\n\t\t<\/div>\n\t\t\t\t\t<\/div>\n\t\t<\/section>\n\t\t\t\t<section class=\"elementor-section elementor-top-section elementor-element elementor-element-0979d68 elementor-section-boxed elementor-section-height-default elementor-section-height-default\" data-id=\"0979d68\" data-element_type=\"section\">\n\t\t\t\t\t\t<div class=\"elementor-container elementor-column-gap-default\">\n\t\t\t\t\t<div class=\"elementor-column elementor-col-100 elementor-top-column elementor-element elementor-element-ba54ff9\" data-id=\"ba54ff9\" data-element_type=\"column\">\n\t\t\t<div class=\"elementor-widget-wrap elementor-element-populated\">\n\t\t\t\t\t\t<div class=\"elementor-element elementor-element-eb87b92 uael-cf7-input-size-xs uael-cf7-style-box uael-cf7-button-left uael-cf7-btn-size-sm uael-cf7-highlight-style-default elementor-widget elementor-widget-uael-cf7-styler\" data-id=\"eb87b92\" data-element_type=\"widget\" data-widget_type=\"uael-cf7-styler.default\">\n\t\t\t\t<div class=\"elementor-widget-container\">\n\t\t\t\t\t\t\t<div class = \"uael-cf7-container\">\n\t\t\t\t\t\t<div class = \"uael-cf7 uael-cf7-style elementor-clickable\">\n\t\t\t\t\t\t\n<div class=\"wpcf7 no-js\" id=\"wpcf7-f2136-o1\" lang=\"en-US\" dir=\"ltr\">\n<div class=\"screen-reader-response\"><p role=\"status\" aria-live=\"polite\" aria-atomic=\"true\"><\/p> <ul><\/ul><\/div>\n<form action=\"\/de\/wp-json\/wp\/v2\/pages\/2148#wpcf7-f2136-o1\" method=\"post\" class=\"wpcf7-form init\" aria-label=\"Contact form\" novalidate=\"novalidate\" data-status=\"init\">\n<div style=\"display: none;\">\n<input type=\"hidden\" name=\"_wpcf7\" value=\"2136\" \/>\n<input type=\"hidden\" name=\"_wpcf7_version\" value=\"5.8.7\" \/>\n<input type=\"hidden\" name=\"_wpcf7_locale\" value=\"en_US\" \/>\n<input type=\"hidden\" name=\"_wpcf7_unit_tag\" value=\"wpcf7-f2136-o1\" \/>\n<input type=\"hidden\" name=\"_wpcf7_container_post\" value=\"0\" \/>\n<input type=\"hidden\" name=\"_wpcf7_posted_data_hash\" value=\"\" \/>\n<input type=\"hidden\" name=\"_wpcf7_recaptcha_response\" value=\"\" \/>\n<\/div>\n<div class=\"ast-row\" style=\"margin-bottom: 0;\">\n\t<div class=\"ast-col-xs-12 ast-col-sm-12 ast-col-md-12 ast-col-lg-4\">\n\t\t<p><label> Vorname*<br \/>\n<span class=\"wpcf7-form-control-wrap\" data-name=\"nome\"><input size=\"40\" class=\"wpcf7-form-control wpcf7-text wpcf7-validates-as-required\" aria-required=\"true\" aria-invalid=\"false\" value=\"\" type=\"text\" name=\"nome\" \/><\/span> <\/label>\n\t\t<\/p>\n\t<\/div>\n\t<div class=\"ast-col-xs-12 ast-col-sm-12 ast-col-md-12 ast-col-lg-4\">\n\t\t<p><label> Nachname*<br \/>\n<span class=\"wpcf7-form-control-wrap\" data-name=\"cognome\"><input size=\"40\" class=\"wpcf7-form-control wpcf7-text wpcf7-validates-as-required\" aria-required=\"true\" aria-invalid=\"false\" value=\"\" type=\"text\" name=\"cognome\" \/><\/span> <\/label>\n\t\t<\/p>\n\t<\/div>\n\t<div class=\"ast-col-xs-12 ast-col-sm-12 ast-col-md-12 ast-col-lg-4\">\n\t\t<p><label> Email*<br \/>\n<span class=\"wpcf7-form-control-wrap\" data-name=\"your-email\"><input size=\"40\" class=\"wpcf7-form-control wpcf7-email wpcf7-validates-as-required wpcf7-text wpcf7-validates-as-email\" aria-required=\"true\" aria-invalid=\"false\" value=\"\" type=\"email\" name=\"your-email\" \/><\/span> <\/label>\n\t\t<\/p>\n\t<\/div>\n\t<div class=\"ast-col-xs-12 ast-col-sm-12 ast-col-md-12 ast-col-lg-4\">\n\t\t<p><label> Adresse:<br \/>\n<span class=\"wpcf7-form-control-wrap\" data-name=\"indirizzo\"><input size=\"40\" class=\"wpcf7-form-control wpcf7-text\" aria-invalid=\"false\" value=\"\" type=\"text\" name=\"indirizzo\" \/><\/span> <\/label>\n\t\t<\/p>\n\t<\/div>\n\t<div class=\"ast-col-xs-12 ast-col-sm-12 ast-col-md-12 ast-col-lg-4\">\n\t\t<p><label> City*<br \/>\n<span class=\"wpcf7-form-control-wrap\" data-name=\"citta\"><input size=\"40\" class=\"wpcf7-form-control wpcf7-text wpcf7-validates-as-required\" aria-required=\"true\" aria-invalid=\"false\" value=\"\" type=\"text\" name=\"citta\" \/><\/span> <\/label>\n\t\t<\/p>\n\t<\/div>\n\t<div class=\"ast-col-xs-12 ast-col-sm-12 ast-col-md-12 ast-col-lg-4\">\n\t\t<p><label> Telefon*<br \/>\n<span class=\"wpcf7-form-control-wrap\" data-name=\"tel-328\"><input size=\"40\" class=\"wpcf7-form-control wpcf7-tel wpcf7-validates-as-required wpcf7-text wpcf7-validates-as-tel\" aria-required=\"true\" aria-invalid=\"false\" value=\"\" type=\"tel\" name=\"tel-328\" \/><\/span> <\/label>\n\t\t<\/p>\n\t<\/div>\n<\/div>\n<p><label> Hinterlassen Sie eine Nachricht<br \/>\n<span class=\"wpcf7-form-control-wrap\" data-name=\"messaggio\"><textarea cols=\"40\" rows=\"10\" class=\"wpcf7-form-control wpcf7-textarea wpcf7-validates-as-required\" aria-required=\"true\" aria-invalid=\"false\" name=\"messaggio\"><\/textarea><\/span> <\/label><br \/>\nGem\u00e4\u00df Art. 13 der EU-Richtlinie 2016\/679 (die \u201eDatenschutzrichtlinie\u201c), informiert ITALCER S.p.A. alle Nutzer und\/oder Besucher der Website www.eliosceramica.it (\u201eNutzer\u201c bzw. \u201eWebsite\u201c) dar\u00fcber, wie die personenbezogenen Daten, die Log Files und die Cookies \u00fcber die Website gesammelt werden.\n<\/p>\n<h4>1. Datenverantwortlicher und Datenverarbeiter\n<\/h4>\n<p>Der Verantwortliche f\u00fcr die Verarbeitung personenbezogener Daten Italcer S.p.A. (Steuernummer C.F.\/ P.IVA 00142060359), mit Gesch\u00e4ftssitz in Via Emilia Ovest 53\/A, 42048 \u2013 Rubiera (RE) PEC rondine.amministrazione@pec.it (im Folgenden \u201eDatenverarntwortlicher\u201c).\n<\/p>\n<h4>2. Von der Website gesammelte Informationen:\n<\/h4>\n<p>a) automatisch gesammelte Daten\n<\/p>\n<p>Navigationsdaten:<br \/>\nDie f\u00fcr den Betrieb dieser Website ben\u00f6tigten EDV-Systeme und Software-Verfahren eignen sich im Verlauf ihrer normalen Betriebsfunktion einige personenbezogene Daten an, deren \u00dcbermittlung bei der Verwendung der Kommunikationsprotokolle von Internet implizit ist.\n<\/p>\n<p>Diese Daten, die f\u00fcr die Nutzung der Internetdienste notwendig sind, werden auch zu folgenden Zwecken verarbeitet:\n<\/p>\n<p>um statistische Informationen \u00fcber die Nutzung der Dienstleistungen zu erhalten<br \/>\num die korrekte Funktionswese der angebotenen Dienstleistungen zu \u00fcberpr\u00fcfen.<br \/>\nDie Navigationsdaten bleiben nicht l\u00e4nger als 26 Monate bestehen (es sei denn, es besteht die Notwendigkeit seitens der Beh\u00f6rden, Straftaten festzustellen).\n<\/p>\n<p>b) vom Nutzer mitgeteilte Daten\n<\/p>\n<p>\u2013 Vom Nutzer mitgeteilte Daten:\n<\/p>\n<p>Die fakultative, freiwillige und ausdr\u00fcckliche Bekanntgabe von Daten mithilfe der verschiedenen Formulare, die auf der Website ausgef\u00fcllt werden k\u00f6nnen und dazu f\u00fchren, dass die Kontaktdaten des Absenders erfasst werden, die dazu notwendig sind, Anfragen um Kontakt, Dienstleistungen und gegebenenfalls die Zuteilung von Passw\u00f6rtern zu den reservierten Bereichen zu bearbeiten.\n<\/p>\n<p>c) durch Cookies erfasste Daten\n<\/p>\n<p>Die Website verwendet Cookies. Zu diesem Thema verweisen wir auf die ausf\u00fchrliche Information \u201ePrivacy Cookie\u201c\n<\/p>\n<h4>3. Art von personenbezogenen Daten, Zweck, Rechtsgrundlage und Dauer der Aufbewahrung\n<\/h4>\n<p>Die angeforderten und zur Verf\u00fcgung gestellten personenbezogenen Daten dienen dazu, den Zugang zur Website zu erm\u00f6glichen und folgende Dienstleistungen zu nutzen:\n<\/p>\n<p>Art der Dienstleistung: Kontaktbereich f\u00fcr Produkte<br \/>\nArt der erfassten personenbezogenen Daten: Name und Vorname, Kontaktdaten (z.B. E-Mail-Adresse, Telefonnummern usw.)<br \/>\nZweck: Durch das Ausf\u00fcllen des entsprechenden Formulars die Referenzen der Website-Nutzer erfassen, um die Anfragen nach Informationen\/Gesch\u00e4ftskontakt bearbeiten zu k\u00f6nnen (Kontaktbereich)<br \/>\nRechtsgrundlage: Zustimmung\/Vertragserf\u00fcllung<br \/>\nDauer der Datenaufbewahrung: 24 Monate nach Herstellung oder Erneuerung des Kontakts<br \/>\nArt der Dienstleistung: Newsletter-Versand;<br \/>\nArt der erfassten personenbezogenen Daten: Name und Vorname, E-Mail-Adresse.<br \/>\nZweck: Die Abonnenten durch die regelm\u00e4\u00dfige Zusendung eines Newsletters mit Informationen \u00fcber die T\u00e4tigkeiten des Unternehmens kontaktieren;(NEWSLETTER)\n<\/p>\n<p>Rechtsgrundlage: Einwilligung\n<\/p>\n<p>Dauer der Datenaufbewahrung: 24 Monate oder bis zum Widerruf der Einwilligung\n<\/p>\n<p>Die Verarbeitung der Daten zu den oben genannten Zwecken geschieht unter Einhaltung der Datenschutzrichtlinie und aller einschl\u00e4gigen Rechtsvorschriften des Sektors.\n<\/p>\n<p>Die angegebenen Daten werden haupts\u00e4chlich mit IT-Tools unter der Aufsicht des Datenverantwortlichen von Personen verarbeitet, die gem\u00e4\u00df den Artikeln 28 und 29 der Datenschutzrichtlinie speziell dazu ernannt, autorisiert und angewiesen wurden. Es werden entsprechende Sicherheitsvorkehrungen auch nach Artikel 5 und 32 der Datenschutzrichtlinie eingehalten, um dem Verlust von Daten, der unrechtm\u00e4\u00dfigen oder falschen Verwendung und dem unberechtigten Zugriff vorzubeugen.\n<\/p>\n<h4>4. Obligatorische oder fakultative Einwilligung zur Angabe der Daten\n<\/h4>\n<p>Die Angabe der Daten ist fakultativ, falls aber keine Daten angegeben werden, k\u00f6nnen einige von unserer Website bereitgestellte Dienstleistungen nicht genutzt werden\n<\/p>\n<h4>5. Wie k\u00f6nnen wir Daten \u00fcbermitteln?\n<\/h4>\n<p>Die Daten k\u00f6nnen innerhalb der EU unter vollst\u00e4ndiger Einhaltung der Datenschutzrichtlinie an folgende Personen \u00fcbermittelt werden:\n<\/p>\n<p>(1) an die Finanzverwaltung und\/oder andere \u00f6ffentliche Stellen, sofern dies gesetzlich oder auf Antrag erforderlich ist;\n<\/p>\n<p>(2) an die Einrichtungen, Organisationen und externen Gesellschaften, die der Datenverantwortliche zum Ausf\u00fchren der T\u00e4tigkeiten verwendet, die mit den Dienstleistungen der Website verbunden sind, daf\u00fcr ma\u00dfgeblich sind oder sich daraus ergeben\n<\/p>\n<p>Die automatisch von der Website erhobenen Daten k\u00f6nnen auch an au\u00dfereurop\u00e4ische Cloud-Server Dritter weitergegeben werden, falls sich diese Verarbeitung f\u00fcr die Ausf\u00fchrung der Dienstleistungen der Website als notwendig erweist. Die Rechtsgrundlage f\u00fcr diese Verarbeitung ist daher Art. 49, Absatz 1, Buchstabe b der Datenschutzrichtlinie.\n<\/p>\n<h4>6. Sicherheitsma\u00dfnahmen\n<\/h4>\n<p>Die Daten werden \u00fcber die Website nach dem anwendbaren Recht und unter Verwendung der geeigneten Sicherheitsma\u00dfnahmen nach den geltenden Rechtsvorschriften verarbeitet, gem\u00e4\u00df den Artikeln 5 und 32 der Datenschutzrichtlinie.\n<\/p>\n<p>Diesbez\u00fcglich wird best\u00e4tigt, dass die geeigneten Sicherheitsma\u00dfnahmen ergriffen werden, um unbefugten Zugriff, Diebstahl, unbefugte Weitergabe, Ver\u00e4nderung oder unberechtigte Zerst\u00f6rung der verarbeiteten Daten zu verhindern.\n<\/p>\n<h4>7. Die Rechte\n<\/h4>\n<p>Es wird darauf hingewiesen, dass die Rechte nach den Artikeln 15 ff. der Datenschutzrichtlinie zu den folgenden Zweck jederzeit durch schriftliche Mitteilung an die Kontaktdaten des Datenverantwortlichen ausge\u00fcbt werden k\u00f6nnen:\n<\/p>\n<p>\u2022 die Best\u00e4tigung des Vorhandenseins oder Nichtvorhandenseins der personenbezogenen Daten mit Angabe ihrer Herkunft, die \u00dcberpr\u00fcfung der Richtigkeit oder der Antrag auf Aktualisierung, Berichtigung und\/oder Vervollst\u00e4ndigung;<br \/>\n\u2022 der Zugriff, die L\u00f6schung der Daten oder die Einschr\u00e4nkung der Verarbeitung;<br \/>\n\u2022 die Umwandlung in anonyme Form oder die Sperrung gesetzeswidrig verarbeiteter Daten.<br \/>\nEs ist auch m\u00f6glich, sich der Verarbeitung der zuvor angegebenen personenbezogenen Daten zu widersetzen.\n<\/p>\n<p>Mit Bezugnahme auf den Newsletter wird hervorgehoben, dass der allf\u00e4llige Antrag auf L\u00f6schung\/Abmeldung \u00fcber den vorhandenen Link\/die vorhandene Schaltfl\u00e4che deutlich gemacht werden kann.\n<\/p>\n<h4>8. \u00c4nderungen an der Datenschutzinformation\n<\/h4>\n<p>Der Datenverantwortliche beh\u00e4lt sich vor, \u00c4nderungen an dieser Datenschutzinformation vorzunehmen, indem er die \u00e4lteren Versionen damit ersetzt. Dieses Informationsschreiben wurde im Januar 2021 aktualisiert.\n<\/p>\n<p><span class=\"wpcf7-form-control-wrap\" data-name=\"acceptance-32\"><span class=\"wpcf7-form-control wpcf7-acceptance\"><span class=\"wpcf7-list-item\"><label><input type=\"checkbox\" name=\"acceptance-32\" value=\"1\" aria-invalid=\"false\" \/><span class=\"wpcf7-list-item-label\">Ich bin mit den <a href=\"\/de\/privacy\/\" target=\"blank\">Datenschutzbedingungen<\/a> einverstanden (obligatorisch)<\/span><\/label><\/span><\/span><\/span><span class=\"wpcf7-form-control-wrap\" data-name=\"acceptance-290\"><span class=\"wpcf7-form-control wpcf7-acceptance optional\"><span class=\"wpcf7-list-item\"><label><input type=\"checkbox\" name=\"acceptance-290\" value=\"1\" aria-invalid=\"false\" \/><span class=\"wpcf7-list-item-label\">Newsletter abonnieren<\/span><\/label><\/span><\/span><\/span>\n<\/p>\n<p><input class=\"wpcf7-form-control wpcf7-submit has-spinner\" type=\"submit\" value=\"SENDEN\" \/>\n<\/p><div class=\"wpcf7-response-output\" aria-hidden=\"true\"><\/div>\n<\/form>\n<\/div>\n\t\t\t\t\t<\/div>\n\t\t\t\t<\/div>\n\t\t\t\t\t\t<\/div>\n\t\t\t\t<\/div>\n\t\t\t\t\t<\/div>\n\t\t<\/div>\n\t\t\t\t\t<\/div>\n\t\t<\/section>\n\t\t\t\t<\/div>\n\t\t","protected":false},"excerpt":{"rendered":"<p>Kontakte M\u00f6chten Sie mehr \u00fcber unsere Technologie erfahren? Z\u00f6gern Sie nicht, uns zu kontaktieren: F\u00fcllen Sie das unten stehende Formular aus, wir werden so schnell wie m\u00f6glich antworten! An wen m\u00f6chten Sie sich wenden? &#8212;Ceramica RondineElios CeramicaLa Fabbrica Ceramiche Vorname* Nachname* Email* Adresse: City* Telefon* Hinterlassen Sie eine Nachricht Wenn die Anfrage angenommen wird, genehmige [&hellip;]<\/p>\n","protected":false},"author":1,"featured_media":0,"parent":0,"menu_order":0,"comment_status":"closed","ping_status":"closed","template":"","meta":{"site-sidebar-layout":"no-sidebar","site-content-layout":"page-builder","ast-site-content-layout":"","site-content-style":"default","site-sidebar-style":"default","ast-global-header-display":"","ast-banner-title-visibility":"","ast-main-header-display":"","ast-hfb-above-header-display":"","ast-hfb-below-header-display":"","ast-hfb-mobile-header-display":"","site-post-title":"disabled","ast-breadcrumbs-content":"","ast-featured-img":"disabled","footer-sml-layout":"","theme-transparent-header-meta":"default","adv-header-id-meta":"","stick-header-meta":"","header-above-stick-meta":"","header-main-stick-meta":"","header-below-stick-meta":"","astra-migrate-meta-layouts":"default","ast-page-background-enabled":"default","ast-page-background-meta":{"desktop":{"background-color":"var(--ast-global-color-4)","background-image":"","background-repeat":"repeat","background-position":"center center","background-size":"auto","background-attachment":"scroll","background-type":"","background-media":"","overlay-type":"","overlay-color":"","overlay-gradient":""},"tablet":{"background-color":"","background-image":"","background-repeat":"repeat","background-position":"center center","background-size":"auto","background-attachment":"scroll","background-type":"","background-media":"","overlay-type":"","overlay-color":"","overlay-gradient":""},"mobile":{"background-color":"","background-image":"","background-repeat":"repeat","background-position":"center center","background-size":"auto","background-attachment":"scroll","background-type":"","background-media":"","overlay-type":"","overlay-color":"","overlay-gradient":""}},"ast-content-background-meta":{"desktop":{"background-color":"var(--ast-global-color-5)","background-image":"","background-repeat":"repeat","background-position":"center center","background-size":"auto","background-attachment":"scroll","background-type":"","background-media":"","overlay-type":"","overlay-color":"","overlay-gradient":""},"tablet":{"background-color":"var(--ast-global-color-5)","background-image":"","background-repeat":"repeat","background-position":"center center","background-size":"auto","background-attachment":"scroll","background-type":"","background-media":"","overlay-type":"","overlay-color":"","overlay-gradient":""},"mobile":{"background-color":"var(--ast-global-color-5)","background-image":"","background-repeat":"repeat","background-position":"center center","background-size":"auto","background-attachment":"scroll","background-type":"","background-media":"","overlay-type":"","overlay-color":"","overlay-gradient":""}},"footnotes":""},"yoast_head":"<!-- This site is optimized with the Yoast SEO plugin v22.0 - https:\/\/yoast.com\/wordpress\/plugins\/seo\/ -->\n<title>Kontakte<\/title>\n<meta name=\"description\" content=\"Kontakte\" \/>\n<meta name=\"robots\" content=\"index, follow, max-snippet:-1, max-image-preview:large, max-video-preview:-1\" \/>\n<link rel=\"canonical\" href=\"https:\/\/advance.ceramicarondine.it\/contatti\/\" \/>\n<meta property=\"og:locale\" content=\"de_DE\" \/>\n<meta property=\"og:type\" content=\"article\" \/>\n<meta property=\"og:title\" content=\"Kontakte\" \/>\n<meta property=\"og:description\" content=\"Kontakte\" \/>\n<meta property=\"og:url\" content=\"https:\/\/advance.ceramicarondine.it\/contatti\/\" \/>\n<meta property=\"og:site_name\" content=\"Advance\" \/>\n<meta property=\"article:modified_time\" content=\"2021-01-29T07:02:31+00:00\" \/>\n<meta name=\"twitter:card\" content=\"summary_large_image\" \/>\n<meta name=\"twitter:label1\" content=\"Gesch\u00e4tzte Lesezeit\" \/>\n\t<meta name=\"twitter:data1\" content=\"1 Minute\" \/>\n<script type=\"application\/ld+json\" class=\"yoast-schema-graph\">{\"@context\":\"https:\/\/schema.org\",\"@graph\":[{\"@type\":\"WebPage\",\"@id\":\"https:\/\/advance.ceramicarondine.it\/contatti\/\",\"url\":\"https:\/\/advance.ceramicarondine.it\/contatti\/\",\"name\":\"Kontakte\",\"isPartOf\":{\"@id\":\"https:\/\/advance.ceramicarondine.it\/#website\"},\"datePublished\":\"2021-01-28T11:17:20+00:00\",\"dateModified\":\"2021-01-29T07:02:31+00:00\",\"description\":\"Kontakte\",\"breadcrumb\":{\"@id\":\"https:\/\/advance.ceramicarondine.it\/contatti\/#breadcrumb\"},\"inLanguage\":\"de-DE\",\"potentialAction\":[{\"@type\":\"ReadAction\",\"target\":[\"https:\/\/advance.ceramicarondine.it\/contatti\/\"]}]},{\"@type\":\"BreadcrumbList\",\"@id\":\"https:\/\/advance.ceramicarondine.it\/contatti\/#breadcrumb\",\"itemListElement\":[{\"@type\":\"ListItem\",\"position\":1,\"name\":\"Home\",\"item\":\"https:\/\/advance.ceramicarondine.it\/\"},{\"@type\":\"ListItem\",\"position\":2,\"name\":\"Kontakte\"}]},{\"@type\":\"WebSite\",\"@id\":\"https:\/\/advance.ceramicarondine.it\/#website\",\"url\":\"https:\/\/advance.ceramicarondine.it\/\",\"name\":\"Advance\",\"description\":\"\",\"publisher\":{\"@id\":\"https:\/\/advance.ceramicarondine.it\/#organization\"},\"potentialAction\":[{\"@type\":\"SearchAction\",\"target\":{\"@type\":\"EntryPoint\",\"urlTemplate\":\"https:\/\/advance.ceramicarondine.it\/?s={search_term_string}\"},\"query-input\":\"required name=search_term_string\"}],\"inLanguage\":\"de-DE\"},{\"@type\":\"Organization\",\"@id\":\"https:\/\/advance.ceramicarondine.it\/#organization\",\"name\":\"Advance\",\"url\":\"https:\/\/advance.ceramicarondine.it\/\",\"logo\":{\"@type\":\"ImageObject\",\"inLanguage\":\"de-DE\",\"@id\":\"https:\/\/advance.ceramicarondine.it\/#\/schema\/logo\/image\/\",\"url\":\"https:\/\/advance.ceramicarondine.it\/wp-content\/uploads\/2021\/01\/LOGO.png\",\"contentUrl\":\"https:\/\/advance.ceramicarondine.it\/wp-content\/uploads\/2021\/01\/LOGO.png\",\"width\":1254,\"height\":234,\"caption\":\"Advance\"},\"image\":{\"@id\":\"https:\/\/advance.ceramicarondine.it\/#\/schema\/logo\/image\/\"}}]}<\/script>\n<!-- \/ Yoast SEO plugin. -->","yoast_head_json":{"title":"Kontakte","description":"Kontakte","robots":{"index":"index","follow":"follow","max-snippet":"max-snippet:-1","max-image-preview":"max-image-preview:large","max-video-preview":"max-video-preview:-1"},"canonical":"https:\/\/advance.ceramicarondine.it\/contatti\/","og_locale":"de_DE","og_type":"article","og_title":"Kontakte","og_description":"Kontakte","og_url":"https:\/\/advance.ceramicarondine.it\/contatti\/","og_site_name":"Advance","article_modified_time":"2021-01-29T07:02:31+00:00","twitter_card":"summary_large_image","twitter_misc":{"Gesch\u00e4tzte Lesezeit":"1 Minute"},"schema":{"@context":"https:\/\/schema.org","@graph":[{"@type":"WebPage","@id":"https:\/\/advance.ceramicarondine.it\/contatti\/","url":"https:\/\/advance.ceramicarondine.it\/contatti\/","name":"Kontakte","isPartOf":{"@id":"https:\/\/advance.ceramicarondine.it\/#website"},"datePublished":"2021-01-28T11:17:20+00:00","dateModified":"2021-01-29T07:02:31+00:00","description":"Kontakte","breadcrumb":{"@id":"https:\/\/advance.ceramicarondine.it\/contatti\/#breadcrumb"},"inLanguage":"de-DE","potentialAction":[{"@type":"ReadAction","target":["https:\/\/advance.ceramicarondine.it\/contatti\/"]}]},{"@type":"BreadcrumbList","@id":"https:\/\/advance.ceramicarondine.it\/contatti\/#breadcrumb","itemListElement":[{"@type":"ListItem","position":1,"name":"Home","item":"https:\/\/advance.ceramicarondine.it\/"},{"@type":"ListItem","position":2,"name":"Kontakte"}]},{"@type":"WebSite","@id":"https:\/\/advance.ceramicarondine.it\/#website","url":"https:\/\/advance.ceramicarondine.it\/","name":"Advance","description":"","publisher":{"@id":"https:\/\/advance.ceramicarondine.it\/#organization"},"potentialAction":[{"@type":"SearchAction","target":{"@type":"EntryPoint","urlTemplate":"https:\/\/advance.ceramicarondine.it\/?s={search_term_string}"},"query-input":"required name=search_term_string"}],"inLanguage":"de-DE"},{"@type":"Organization","@id":"https:\/\/advance.ceramicarondine.it\/#organization","name":"Advance","url":"https:\/\/advance.ceramicarondine.it\/","logo":{"@type":"ImageObject","inLanguage":"de-DE","@id":"https:\/\/advance.ceramicarondine.it\/#\/schema\/logo\/image\/","url":"https:\/\/advance.ceramicarondine.it\/wp-content\/uploads\/2021\/01\/LOGO.png","contentUrl":"https:\/\/advance.ceramicarondine.it\/wp-content\/uploads\/2021\/01\/LOGO.png","width":1254,"height":234,"caption":"Advance"},"image":{"@id":"https:\/\/advance.ceramicarondine.it\/#\/schema\/logo\/image\/"}}]}},"_links":{"self":[{"href":"https:\/\/advance.ceramicarondine.it\/de\/wp-json\/wp\/v2\/pages\/2148"}],"collection":[{"href":"https:\/\/advance.ceramicarondine.it\/de\/wp-json\/wp\/v2\/pages"}],"about":[{"href":"https:\/\/advance.ceramicarondine.it\/de\/wp-json\/wp\/v2\/types\/page"}],"author":[{"embeddable":true,"href":"https:\/\/advance.ceramicarondine.it\/de\/wp-json\/wp\/v2\/users\/1"}],"replies":[{"embeddable":true,"href":"https:\/\/advance.ceramicarondine.it\/de\/wp-json\/wp\/v2\/comments?post=2148"}],"version-history":[{"count":0,"href":"https:\/\/advance.ceramicarondine.it\/de\/wp-json\/wp\/v2\/pages\/2148\/revisions"}],"wp:attachment":[{"href":"https:\/\/advance.ceramicarondine.it\/de\/wp-json\/wp\/v2\/media?parent=2148"}],"curies":[{"name":"wp","href":"https:\/\/api.w.org\/{rel}","templated":true}]}}